{"id":119,"date":"2019-03-10T15:34:57","date_gmt":"2019-03-10T14:34:57","guid":{"rendered":"http:\/\/marlene-equilibre.com\/?page_id=119"},"modified":"2019-11-27T23:33:05","modified_gmt":"2019-11-27T22:33:05","slug":"presentation","status":"publish","type":"page","link":"https:\/\/marlene-equilibre.com\/index.php\/presentation\/","title":{"rendered":"Pr\u00e9sentation"},"content":{"rendered":"\n<p>Magn\u00e9tiseuse, \u00e9nerg\u00e9ticienne, coupeuse de feu.<\/p>\n\n\n\n<p>Soins r\u00e9alis\u00e9s \u00e0 votre domicile.<br>Soins \u00e0 distance sur photo (entretien pr\u00e9alable par t\u00e9l\u00e9phone ou par Skype).<br>Soins aux adultes et aux enfants. <br>Soins aux animaux.<\/p>\n\n\n\n<p>La liste ainsi que le d\u00e9tail des soins que je propose est consultable <a rel=\"noreferrer noopener\" aria-label=\"ici (s\u2019ouvre dans un nouvel onglet)\" href=\"https:\/\/marlene-equilibre.com\/index.php\/soins-proposes\/\" target=\"_blank\">ici<\/a>.<\/p>\n\n\n\n<p>J\u2019\u00e9quilibre les \u00e9nergies et enl\u00e8ve celles qui vous sont nuisibles afin de faire place \u00e0 une \u00e9nergie nouvelle dans votre corps, provoquant ainsi votre capacit\u00e9 \u00e0 d\u00e9clencher vos propres m\u00e9canismes d\u2019auto-gu\u00e9rison.<br><\/p>\n\n\n\n<p>Je localise le point n\u00e9vralgique \u00e9mettant des signaux anormaux pour ensuite tenter de trouver l\u2019origine de vos maux. Par ce biais, mon action s&rsquo;av\u00e8re efficace \u00e0 soulager vos douleurs, favoriser la gu\u00e9rison d\u2019une maladie, ou remettre en place une fonction de votre organisme.<br><\/p>\n\n\n\n<p>Je peux \u00e9galement agir \u00e0 titre pr\u00e9ventif afin d\u2019att\u00e9nuer vos angoisses ou vos douleurs.<br><\/p>\n\n\n\n<p>Je travaille par imposition des mains. Gr\u00e2ce \u00e0 mes ressentis, je soulage, r\u00e9\u00e9quilibre et harmonise votre corps et votre esprit. <br>Diff\u00e9rentes sensations s&rsquo;\u00e9veillent lors d\u2019une consultation. Ainsi, vous pouvez ressentir les effets b\u00e9n\u00e9fiques de mon magn\u00e9tisme sur l\u2019instant, voire le lendemain ou m\u00eame quelques jours apr\u00e8s, cela suivant les raisons qui vous auront amen\u00e9s \u00e0 avoir besoin de mes services.<br><\/p>\n\n\n\n<p>L\u2019essentiel pour moi est votre bien \u00eatre. <\/p>\n\n\n\n<h5>Mon code d&rsquo;\u00e9thique<\/h5>\n\n\n\n<p> Je ne promets ni la gu\u00e9rison, ni quelque r\u00e9sultat que ce soit.<br> Je ne sugg\u00e8re la prise d\u2019aucun m\u00e9dicament.<br> Je ne propose jamais l\u2019arr\u00eat ou la modification d\u2019un traitement m\u00e9dical.<br> Je ne formule aucun diagnostic et ne me substitue \u00e0 aucun avis m\u00e9dical.<br> Vous devez continuer \u00e0 voir votre m\u00e9decin pour votre probl\u00e8me de sant\u00e9.<\/p>\n\n\n\n<h5>Magn\u00e9tisme et m\u00e9decine <\/h5>\n\n\n\n<p>Le soin par magn\u00e9tisme est non m\u00e9dical. Il ne se substitue en aucun cas au diagnostic et au suivi fait par votre m\u00e9decin. Ne jamais cesser un traitement m\u00e9dical en cours sans l\u2019avis de votre m\u00e9decin, m\u00eame si le magn\u00e9tisme vous soulage.<\/p>\n\n\n\n<p>Mon accompagnement doit donc se concevoir en compl\u00e9ment d\u2019une prise en charge m\u00e9dicale classique. Mon travail est compatible avec tout type de prescription et ne demande ni ne n\u00e9cessite l\u2019arr\u00eat d\u2019aucun traitement en cours ou \u00e0 venir.<\/p>\n","protected":false},"excerpt":{"rendered":"<p>Magn\u00e9tiseuse, \u00e9nerg\u00e9ticienne, coupeuse de feu. Soins r\u00e9alis\u00e9s \u00e0 votre domicile.Soins \u00e0 distance sur photo (entretien pr\u00e9alable par t\u00e9l\u00e9phone ou par Skype).Soins aux adultes et aux enfants. Soins aux animaux. La liste ainsi que le d\u00e9tail des soins que je propose est consultable ici. J\u2019\u00e9quilibre les \u00e9nergies et enl\u00e8ve celles qui vous sont nuisibles afin de &hellip; <\/p>\n<p class=\"link-more\"><a href=\"https:\/\/marlene-equilibre.com\/index.php\/presentation\/\" class=\"more-link\">Continuer la lecture<span class=\"screen-reader-text\"> de &laquo;&nbsp;Pr\u00e9sentation&nbsp;&raquo;<\/span><\/a><\/p>\n","protected":false},"author":1,"featured_media":199,"parent":0,"menu_order":0,"comment_status":"closed","ping_status":"closed","template":"","meta":[],"aioseo_notices":[],"_links":{"self":[{"href":"https:\/\/marlene-equilibre.com\/index.php\/wp-json\/wp\/v2\/pages\/119"}],"collection":[{"href":"https:\/\/marlene-equilibre.com\/index.php\/wp-json\/wp\/v2\/pages"}],"about":[{"href":"https:\/\/marlene-equilibre.com\/index.php\/wp-json\/wp\/v2\/types\/page"}],"author":[{"embeddable":true,"href":"https:\/\/marlene-equilibre.com\/index.php\/wp-json\/wp\/v2\/users\/1"}],"replies":[{"embeddable":true,"href":"https:\/\/marlene-equilibre.com\/index.php\/wp-json\/wp\/v2\/comments?post=119"}],"version-history":[{"count":4,"href":"https:\/\/marlene-equilibre.com\/index.php\/wp-json\/wp\/v2\/pages\/119\/revisions"}],"predecessor-version":[{"id":366,"href":"https:\/\/marlene-equilibre.com\/index.php\/wp-json\/wp\/v2\/pages\/119\/revisions\/366"}],"wp:featuredmedia":[{"embeddable":true,"href":"https:\/\/marlene-equilibre.com\/index.php\/wp-json\/wp\/v2\/media\/199"}],"wp:attachment":[{"href":"https:\/\/marlene-equilibre.com\/index.php\/wp-json\/wp\/v2\/media?parent=119"}],"curies":[{"name":"wp","href":"https:\/\/api.w.org\/{rel}","templated":true}]}}