{"id":123,"date":"2019-03-10T15:38:16","date_gmt":"2019-03-10T14:38:16","guid":{"rendered":"http:\/\/marlene-equilibre.com\/?page_id=123"},"modified":"2019-04-21T09:54:52","modified_gmt":"2019-04-21T07:54:52","slug":"soins-aux-animaux","status":"publish","type":"page","link":"https:\/\/marlene-equilibre.com\/index.php\/soins-aux-animaux\/","title":{"rendered":"Soins aux animaux"},"content":{"rendered":"\n<p>Tout comme l\u2019\u00eatre humain, votre animal est expos\u00e9 \u00e0 des maux de m\u00eame nature, et ressent donc des souffrances similaires aux v\u00f4tres, mais s\u2019exprimant de mani\u00e8re bien diff\u00e9rente.&nbsp;<\/p>\n\n\n\n<p>Le magn\u00e9tisme agira sur lui de la m\u00eame fa\u00e7on qu\u2019il agit sur vous, votre animal pouvant s\u2019av\u00e9rer parfois m\u00eame bien plus r\u00e9ceptif \u00e0 ce type de soins. Les effets en seront donc, a minima, tout aussi b\u00e9n\u00e9fiques pour lui qu\u2019ils le sont pour vous.<\/p>\n\n\n\n<p>Les soins peuvent \u00eatre prodigu\u00e9s tant \u00e0 titre pr\u00e9ventif (en cas d\u2019une intervention chirurgicale, par exemple) qu\u2019\u00e0 titre curatif lors de maladies, ou tout simplement lors d\u2019\u00e9preuves pour votre animal.<\/p>\n\n\n\n<p>Je peux intervenir sur un plan \u00e9nerg\u00e9tique en cas d\u2019angoisse ou de stress&nbsp;(comme lors d\u2019un d\u00e9m\u00e9nagement) mais aussi en cas de troubles \u00e9motionnels auxquels votre animal peut \u00eatre confront\u00e9 et extr\u00eamement sensibles (lors de la perte d\u2019un \u00eatre proche, par exemple).<\/p>\n\n\n\n<p>Par ailleurs, l\u2019accompagnement de votre animal en fin de vie, par le soutien qu\u2019offrent mes soins \u00e9nerg\u00e9tiques, lui permettra d\u2019aborder de mani\u00e8re plus sereine ces moments difficiles.Les soins \u00e0 distance fonctionnent parfaitement aussi pour votre animal. Il est pr\u00e9f\u00e9rable n\u00e9anmoins que vous soyez pr\u00e9sent \u00e0 ses c\u00f4t\u00e9s lorsque j\u2019effectuerai mon travail afin de pouvoir observer ses r\u00e9actions et que nous puissions \u00e9changer \u00e0 ce sujet a posteriori.<br><\/p>\n","protected":false},"excerpt":{"rendered":"<p>Tout comme l\u2019\u00eatre humain, votre animal est expos\u00e9 \u00e0 des maux de m\u00eame nature, et ressent donc des souffrances similaires aux v\u00f4tres, mais s\u2019exprimant de mani\u00e8re bien diff\u00e9rente.&nbsp; Le magn\u00e9tisme agira sur lui de la m\u00eame fa\u00e7on qu\u2019il agit sur vous, votre animal pouvant s\u2019av\u00e9rer parfois m\u00eame bien plus r\u00e9ceptif \u00e0 ce type de soins. &hellip; <\/p>\n<p class=\"link-more\"><a href=\"https:\/\/marlene-equilibre.com\/index.php\/soins-aux-animaux\/\" class=\"more-link\">Continuer la lecture<span class=\"screen-reader-text\"> de &laquo;&nbsp;Soins aux animaux&nbsp;&raquo;<\/span><\/a><\/p>\n","protected":false},"author":1,"featured_media":254,"parent":0,"menu_order":0,"comment_status":"closed","ping_status":"closed","template":"","meta":[],"aioseo_notices":[],"_links":{"self":[{"href":"https:\/\/marlene-equilibre.com\/index.php\/wp-json\/wp\/v2\/pages\/123"}],"collection":[{"href":"https:\/\/marlene-equilibre.com\/index.php\/wp-json\/wp\/v2\/pages"}],"about":[{"href":"https:\/\/marlene-equilibre.com\/index.php\/wp-json\/wp\/v2\/types\/page"}],"author":[{"embeddable":true,"href":"https:\/\/marlene-equilibre.com\/index.php\/wp-json\/wp\/v2\/users\/1"}],"replies":[{"embeddable":true,"href":"https:\/\/marlene-equilibre.com\/index.php\/wp-json\/wp\/v2\/comments?post=123"}],"version-history":[{"count":3,"href":"https:\/\/marlene-equilibre.com\/index.php\/wp-json\/wp\/v2\/pages\/123\/revisions"}],"predecessor-version":[{"id":372,"href":"https:\/\/marlene-equilibre.com\/index.php\/wp-json\/wp\/v2\/pages\/123\/revisions\/372"}],"wp:featuredmedia":[{"embeddable":true,"href":"https:\/\/marlene-equilibre.com\/index.php\/wp-json\/wp\/v2\/media\/254"}],"wp:attachment":[{"href":"https:\/\/marlene-equilibre.com\/index.php\/wp-json\/wp\/v2\/media?parent=123"}],"curies":[{"name":"wp","href":"https:\/\/api.w.org\/{rel}","templated":true}]}}