{"id":18,"date":"2019-03-05T15:42:29","date_gmt":"2019-03-05T14:42:29","guid":{"rendered":"http:\/\/marlene-equilibre.com\/?page_id=18"},"modified":"2019-11-27T23:54:19","modified_gmt":"2019-11-27T22:54:19","slug":"soins-proposes","status":"publish","type":"page","link":"https:\/\/marlene-equilibre.com\/index.php\/soins-proposes\/","title":{"rendered":"Soins propos\u00e9s"},"content":{"rendered":"<p>La dur\u00e9e d\u2019une s\u00e9ance est environ d\u2019une heure.<\/p>\n<h5>Soins \u00e9nerg\u00e9tiques<\/h5>\n<p>Les soins \u00e9nerg\u00e9tiques permettent la lib\u00e9ration des \u00e9nergies n\u00e9gatives et des liens qui vous bloquent.<br \/>\nIls contribuent au r\u00e9\u00e9quilibrage de vos \u00e9motions, notamment lorsque celles qui sont n\u00e9gatives prennent le pas sur celles qui sont positives.<br \/>\nIls vous lib\u00e8rent \u00e9galement des champs \u00e9lectromagn\u00e9tiques et \u00e9lectriques qui vous sont nocifs.<br \/>\nCes soins peuvent vous redynamiser dans le cas de fatigues morales ou physiques, et permettent de lib\u00e9rer \u00e9galement vos blocages \u00e9motionnels et\/ou corporels.<\/p>\n<h5>Traitement des maux physiques, psychiques ou \u00e9motionnels<\/h5>\n<p>Le but sera de d\u00e9livrer votre esprit de vos tensions n\u00e9gatives afin de d\u00e9bloquer naturellement votre corps. Je peux vous permettre ainsi de vous sentir mieux gr\u00e2ce \u00e0 l\u2019auto-gu\u00e9rison que je d\u00e9clenche dans vos corps et esprit, car tout est li\u00e9. C\u2019est un processus de r\u00e9paration compl\u00e9mentaire (et certainement pas substitutif) \u00e0 tout traitement m\u00e9dical.<br \/>\nVous pouvez faire appel \u00e0 mes services afin d\u2019agir notamment dans le cas des affections suivantes :<\/p>\n<ul>\n<li style=\"list-style-type: none;\">\n<ul>\n<li>Hernies<\/li>\n<li>Sciatiques<\/li>\n<li>Entorses<\/li>\n<li>Contractures<\/li>\n<li>Torticolis<\/li>\n<li>D\u00e9chirures musculaires<\/li>\n<li>Consolidation de fractures<\/li>\n<li>Arthrose<\/li>\n<li>Douleurs articulaires<\/li>\n<li>Tensions musculaires<\/li>\n<li>Tyro\u00efde<\/li>\n<li>Migraines<\/li>\n<li>Affections ORL : Sinusites, otites, acouph\u00e8nes, etc.<\/li>\n<li>Fatigue<\/li>\n<li>Spasmophilie<\/li>\n<li>Fibromyalgie<\/li>\n<li>Stress<\/li>\n<li>D\u00e9pression<\/li>\n<li>Mal de dos<\/li>\n<li>Angoisse<\/li>\n<li>Phobies<\/li>\n<li>Probl\u00e8mes de peau : psoriasis, ecz\u00e9ma, zona, acn\u00e9, herp\u00e8s, champignons, etc.<\/li>\n<li>Verrues<\/li>\n<li>Probl\u00e8mes circulatoires<\/li>\n<li>Probl\u00e8mes respiratoires : asthme, bronchites, bronchiolites\u2026<\/li>\n<li>Aide \u00e0 la cicatrisation difficile<\/li>\n<li>Migraines<\/li>\n<li>Probl\u00e8mes digestifs : constipations, coliques, diarrh\u00e9es, calculs, etc.<\/li>\n<li>Inflammation musculaire<\/li>\n<li>Tendinites<\/li>\n<li>Probl\u00e8mes gyn\u00e9cologiques : r\u00e8gles douloureuses, probl\u00e8me de procr\u00e9ation, m\u00e9nopause, etc.<\/li>\n<li>Prise ou perte de poids importantes<\/li>\n<li>Insomnies<\/li>\n<li>Aide \u00e0 la r\u00e9cup\u00e9ration de la mobilit\u00e9 post-op\u00e9ratoire<\/li>\n<li>Troubles \u00e9motionnels<\/li>\n<\/ul>\n<\/li>\n<\/ul>\n<p>Aucun effet ind\u00e9sirable ne peut appara\u00eetre par le magn\u00e9tisme.<\/p>\n<h5>Br\u00fblures<\/h5>\n<p>Je coupe le feu afin d\u2019att\u00e9nuer votre douleur et favoriser votre cicatrisation. Mon intervention doit \u00eatre effectu\u00e9e au plus t\u00f4t apr\u00e8s la br\u00fblure (contactez-moi par t\u00e9l\u00e9phone au plus vite).<\/p>\n<h5>Troubles addictifs<\/h5>\n<p>Je d\u00e9tends votre syst\u00e8me nerveux, stimule votre esprit pour vous aider \u00e0 vous lib\u00e9rer de votre addiction (cigarette, alcool, nourriture, drogue\u2026).<br \/>\nLe magn\u00e9tisme va vous permettre de vous lib\u00e9rer de vos pens\u00e9es n\u00e9gatives, de vos blessures int\u00e9rieures qui font qu\u2019aujourd\u2019hui vous effectuer cette d\u00e9marche de soin.<\/p>\n<h5>Soins \u00e0 distance<\/h5>\n<p>Tout soin \u00e0 distance n\u00e9cessite un entretien pr\u00e9alable par t\u00e9l\u00e9phone ou par Skype.<br \/>\nPour les s\u00e9ances \u00e0 distance, j\u2019ai besoin de votre photo, de vos nom et pr\u00e9nom. Le paiement est effectu\u00e9 directement de mani\u00e8re s\u00e9curis\u00e9e sur mon site (CB ou PayPal).<\/p>\n<h5>Aide \u00e0 la r\u00e9cup\u00e9ration post-op\u00e9ratoire<\/h5>\n<h5>Maladies de longue dur\u00e9e<\/h5>\n<p>Le magn\u00e9tisme peut vous aider \u00e0 apaiser vos corps et esprit afin de soulager vos douleurs et favoriser l\u2019efficacit\u00e9 de vos traitements m\u00e9dicaux.<br \/>\nC\u2019est une aide suppl\u00e9mentaire permettant de vous aider \u00e0 mieux supporter votre maladie ainsi que les effets secondaires de vos traitements m\u00e9dicaux et par cons\u00e9quent tenter de soulager vos douleurs et afflictions.<br \/>\nUn forfait peut \u00eatre mis en place pour un traitement sur le long terme.<\/p>\n","protected":false},"excerpt":{"rendered":"<p>La dur\u00e9e d\u2019une s\u00e9ance est environ d\u2019une heure. Soins \u00e9nerg\u00e9tiques Les soins \u00e9nerg\u00e9tiques permettent la lib\u00e9ration des \u00e9nergies n\u00e9gatives et des liens qui vous bloquent. Ils contribuent au r\u00e9\u00e9quilibrage de vos \u00e9motions, notamment lorsque celles qui sont n\u00e9gatives prennent le pas sur celles qui sont positives. Ils vous lib\u00e8rent \u00e9galement des champs \u00e9lectromagn\u00e9tiques et \u00e9lectriques &hellip; <\/p>\n<p class=\"link-more\"><a href=\"https:\/\/marlene-equilibre.com\/index.php\/soins-proposes\/\" class=\"more-link\">Continuer la lecture<span class=\"screen-reader-text\"> de &laquo;&nbsp;Soins propos\u00e9s&nbsp;&raquo;<\/span><\/a><\/p>\n","protected":false},"author":1,"featured_media":200,"parent":0,"menu_order":0,"comment_status":"closed","ping_status":"closed","template":"","meta":[],"aioseo_notices":[],"_links":{"self":[{"href":"https:\/\/marlene-equilibre.com\/index.php\/wp-json\/wp\/v2\/pages\/18"}],"collection":[{"href":"https:\/\/marlene-equilibre.com\/index.php\/wp-json\/wp\/v2\/pages"}],"about":[{"href":"https:\/\/marlene-equilibre.com\/index.php\/wp-json\/wp\/v2\/types\/page"}],"author":[{"embeddable":true,"href":"https:\/\/marlene-equilibre.com\/index.php\/wp-json\/wp\/v2\/users\/1"}],"replies":[{"embeddable":true,"href":"https:\/\/marlene-equilibre.com\/index.php\/wp-json\/wp\/v2\/comments?post=18"}],"version-history":[{"count":12,"href":"https:\/\/marlene-equilibre.com\/index.php\/wp-json\/wp\/v2\/pages\/18\/revisions"}],"predecessor-version":[{"id":447,"href":"https:\/\/marlene-equilibre.com\/index.php\/wp-json\/wp\/v2\/pages\/18\/revisions\/447"}],"wp:featuredmedia":[{"embeddable":true,"href":"https:\/\/marlene-equilibre.com\/index.php\/wp-json\/wp\/v2\/media\/200"}],"wp:attachment":[{"href":"https:\/\/marlene-equilibre.com\/index.php\/wp-json\/wp\/v2\/media?parent=18"}],"curies":[{"name":"wp","href":"https:\/\/api.w.org\/{rel}","templated":true}]}}