{"id":214,"date":"2019-03-12T15:18:22","date_gmt":"2019-03-12T14:18:22","guid":{"rendered":"http:\/\/marlene-equilibre.com\/?page_id=214"},"modified":"2019-04-21T09:45:51","modified_gmt":"2019-04-21T07:45:51","slug":"tarifs","status":"publish","type":"page","link":"https:\/\/marlene-equilibre.com\/index.php\/tarifs\/","title":{"rendered":"Tarifs"},"content":{"rendered":"\n<p>La dur\u00e9e d\u2019une consultation est d&rsquo;environ une heure.<br><\/p>\n\n\n\n<h5>Tarifs des soins<\/h5>\n\n\n\n<p><strong><em>Adultes : <\/em><\/strong><br>Consultation \u00e0 domicile : 50 \u20ac<br>Forfait de 5 consultations : 225 \u20ac<br>Forfait de 10 consultations : 400 \u20ac<\/p>\n\n\n\n<p>Consultation \u00e0 distance : 40 \u20ac<br>Forfait de 5 consultations : 175 \u20ac<br>Forfait de 10 consultations : 300 \u20ac<\/p>\n\n\n\n<p><strong><em>Enfants : <\/em><\/strong><br>Consultation \u00e0 domicile : 40 \u20ac<br>Forfait de 5 consultations : 175 \u20ac<br>Forfait de 10 consultations : 300 \u20ac<\/p>\n\n\n\n<p>Consultation \u00e0 distance : 30 \u20ac<br>Forfait de 5 consultations : 125 \u20ac<br>Forfait de 10 consultations : 200 \u20ac<\/p>\n\n\n\n<p><em><strong>Animaux : <\/strong><\/em><br>Consultation \u00e0 domicile : 50 \u20ac<br>Forfait de 5 consultations : 225 \u20ac<br>Forfait de 10 consultations : 400 \u20ac<\/p>\n\n\n\n<p>Consultation \u00e0 distance : 40 \u20ac<br>Forfait de 5 consultations : 175 \u20ac<br>Forfait de 10 consultations : 300 \u20ac<\/p>\n\n\n\n<h5>Majoration pour LES d\u00e9placements<\/h5>\n\n\n\n<p>Jusqu&rsquo;\u00e0 20 km autour de Morla\u00e0s : inclus dans le tarif<br>\nAu-del\u00e0 de 20 km de Morla\u00e0s : 1 \u20ac \/ km suppl\u00e9mentaire<\/p>\n\n\n\n<h5>R\u00e8glement des consultations<\/h5>\n\n\n\n<p>Le r\u00e8glement des consultations peut \u00eatre effectu\u00e9 : <br> \u2022    en esp\u00e8ces<br> \u2022    par virement bancaire <br> \u2022    par carte bancaire en ligne<br> \u2022    par PayPal<br> Les paiements par ch\u00e8que ne sont pas accept\u00e9s<\/p>\n\n\n\n<p>Pour les consultations \u00e0 distance, le paiement devra \u00eatre effectu\u00e9 avant le d\u00e9but de celles-ci.<\/p>\n\n\n\n<p>Consultations non-rembours\u00e9es par la s\u00e9curit\u00e9 sociale.<br>Consultations non soumises \u00e0 TVA.<\/p>\n","protected":false},"excerpt":{"rendered":"<p>La dur\u00e9e d\u2019une consultation est d&rsquo;environ une heure. Tarifs des soins Adultes : Consultation \u00e0 domicile : 50 \u20acForfait de 5 consultations : 225 \u20acForfait de 10 consultations : 400 \u20ac Consultation \u00e0 distance : 40 \u20acForfait de 5 consultations : 175 \u20acForfait de 10 consultations : 300 \u20ac Enfants : Consultation \u00e0 domicile : &hellip; <\/p>\n<p class=\"link-more\"><a href=\"https:\/\/marlene-equilibre.com\/index.php\/tarifs\/\" class=\"more-link\">Continuer la lecture<span class=\"screen-reader-text\"> de &laquo;&nbsp;Tarifs&nbsp;&raquo;<\/span><\/a><\/p>\n","protected":false},"author":1,"featured_media":204,"parent":0,"menu_order":0,"comment_status":"closed","ping_status":"closed","template":"","meta":[],"aioseo_notices":[],"_links":{"self":[{"href":"https:\/\/marlene-equilibre.com\/index.php\/wp-json\/wp\/v2\/pages\/214"}],"collection":[{"href":"https:\/\/marlene-equilibre.com\/index.php\/wp-json\/wp\/v2\/pages"}],"about":[{"href":"https:\/\/marlene-equilibre.com\/index.php\/wp-json\/wp\/v2\/types\/page"}],"author":[{"embeddable":true,"href":"https:\/\/marlene-equilibre.com\/index.php\/wp-json\/wp\/v2\/users\/1"}],"replies":[{"embeddable":true,"href":"https:\/\/marlene-equilibre.com\/index.php\/wp-json\/wp\/v2\/comments?post=214"}],"version-history":[{"count":9,"href":"https:\/\/marlene-equilibre.com\/index.php\/wp-json\/wp\/v2\/pages\/214\/revisions"}],"predecessor-version":[{"id":379,"href":"https:\/\/marlene-equilibre.com\/index.php\/wp-json\/wp\/v2\/pages\/214\/revisions\/379"}],"wp:featuredmedia":[{"embeddable":true,"href":"https:\/\/marlene-equilibre.com\/index.php\/wp-json\/wp\/v2\/media\/204"}],"wp:attachment":[{"href":"https:\/\/marlene-equilibre.com\/index.php\/wp-json\/wp\/v2\/media?parent=214"}],"curies":[{"name":"wp","href":"https:\/\/api.w.org\/{rel}","templated":true}]}}