{"id":94,"date":"2019-03-10T13:57:36","date_gmt":"2019-03-10T12:57:36","guid":{"rendered":"http:\/\/marlene-equilibre.com\/?page_id=94"},"modified":"2021-11-23T23:33:49","modified_gmt":"2021-11-23T22:33:49","slug":"accueil","status":"publish","type":"page","link":"https:\/\/marlene-equilibre.com\/","title":{"rendered":"Accueil"},"content":{"rendered":"<p>Le magn\u00e9tisme diffuse une \u00e9nergie universelle \u00e0 la personne, qui se r\u00e9pendra dans tout son organisme par des voies qui lui sont propres. La personne utilisera ces ressources nouvelles pour annihiler, du moins partiellement, ses dysfonctionnement existants et r\u00e9tablir une harmonie naturelle.&nbsp;<\/p>\n<p>Nous recevons tous, sans n\u00e9cessairement le savoir, des \u00e9nergies positives, mais \u00e9galement des \u00e9nergies n\u00e9gatives qui nous sont nuisibles. Certaines personnes ont des dispositions naturelles \u00e0 catalyser et emmagasiner ces \u00e9nergies positives et b\u00e9n\u00e9fiques, puis \u00e0 les redistribuer. Tout \u00eatre humain poss\u00e8de du magn\u00e9tisme. N\u00e9anmoins, certains poss\u00e9dent ou canalisent plus d\u2019\u00e9nergie que d\u2019autres. Cela leur permet donc de pouvoir en dispenser \u00e0 leur prochain.<br \/>\nCe sont les magn\u00e9tiseurs.<\/p>\n<p>Un magn\u00e9tiseur est une personne qui, par son \u00ab don \u00bb, a une pr\u00e9disposition pour aider tout \u00eatre vivant par l\u2019imposition de ses mains sur le corps d\u2019une personne, mais aussi aupr\u00e8s des animaux qui sont, par ailleurs, tr\u00e8s r\u00e9ceptifs \u00e0 cette d\u00e9marche.<\/p>\n<p>Il peut soulager et aider \u00e0 gu\u00e9rir de maux physiques, psychiques, \u00e9motionnels, organiques ou \u00e9nerg\u00e9tiques en att\u00e9nuant les effets de la douleur et les g\u00eanes caus\u00e9s par la maladie.<\/p>\n","protected":false},"excerpt":{"rendered":"<p>Le magn\u00e9tisme diffuse une \u00e9nergie universelle \u00e0 la personne, qui se r\u00e9pendra dans tout son organisme par des voies qui lui sont propres. La personne utilisera ces ressources nouvelles pour annihiler, du moins partiellement, ses dysfonctionnement existants et r\u00e9tablir une harmonie naturelle.&nbsp; Nous recevons tous, sans n\u00e9cessairement le savoir, des \u00e9nergies positives, mais \u00e9galement des &hellip; <\/p>\n<p class=\"link-more\"><a href=\"https:\/\/marlene-equilibre.com\/\" class=\"more-link\">Continuer la lecture<span class=\"screen-reader-text\"> de &laquo;&nbsp;Accueil&nbsp;&raquo;<\/span><\/a><\/p>\n","protected":false},"author":1,"featured_media":0,"parent":0,"menu_order":0,"comment_status":"closed","ping_status":"closed","template":"","meta":[],"aioseo_notices":[],"_links":{"self":[{"href":"https:\/\/marlene-equilibre.com\/index.php\/wp-json\/wp\/v2\/pages\/94"}],"collection":[{"href":"https:\/\/marlene-equilibre.com\/index.php\/wp-json\/wp\/v2\/pages"}],"about":[{"href":"https:\/\/marlene-equilibre.com\/index.php\/wp-json\/wp\/v2\/types\/page"}],"author":[{"embeddable":true,"href":"https:\/\/marlene-equilibre.com\/index.php\/wp-json\/wp\/v2\/users\/1"}],"replies":[{"embeddable":true,"href":"https:\/\/marlene-equilibre.com\/index.php\/wp-json\/wp\/v2\/comments?post=94"}],"version-history":[{"count":9,"href":"https:\/\/marlene-equilibre.com\/index.php\/wp-json\/wp\/v2\/pages\/94\/revisions"}],"predecessor-version":[{"id":546,"href":"https:\/\/marlene-equilibre.com\/index.php\/wp-json\/wp\/v2\/pages\/94\/revisions\/546"}],"wp:attachment":[{"href":"https:\/\/marlene-equilibre.com\/index.php\/wp-json\/wp\/v2\/media?parent=94"}],"curies":[{"name":"wp","href":"https:\/\/api.w.org\/{rel}","templated":true}]}}