{"id":424,"date":"2019-04-21T13:47:50","date_gmt":"2019-04-21T11:47:50","guid":{"rendered":"https:\/\/marlene-equilibre.com\/index.php\/produit\/import-placeholder-for-409\/"},"modified":"2019-04-21T13:47:53","modified_gmt":"2019-04-21T11:47:53","slug":"forfait-de-10-consultations-a-domicile-adulte","status":"publish","type":"product","link":"https:\/\/marlene-equilibre.com\/index.php\/produit\/forfait-de-10-consultations-a-domicile-adulte\/","title":{"rendered":"Forfait de 10 consultations \u00e0 domicile &#8211; Adulte"},"content":{"rendered":"<p>Forfait de 10 consultations \u00e0 domicile : magn\u00e9tisme ou soin \u00e9nerg\u00e9tique pour adulte. Valable 1 an.<\/p>\n<p>La dur\u00e9e d\u2019une consultation est d\u2019environ une heure.<\/p>\n<p>D\u00e9placement inclus jusqu\u2019\u00e0 20 km autour de Morla\u00e0s.\u00a0Au-del\u00e0 de cette distance : 1 \u20ac \/ km suppl\u00e9mentaire.<\/p>\n<p>Consultation non-rembours\u00e9e par la s\u00e9curit\u00e9 sociale.<br \/>\nConsultation non soumise \u00e0 TVA.<\/p>\n","protected":false},"excerpt":{"rendered":"<p>Forfait de 10 consultations \u00e0 domicile : magn\u00e9tisme ou soin \u00e9nerg\u00e9tique pour adulte. Valable 1 an.<\/p>\n","protected":false},"featured_media":0,"comment_status":"open","ping_status":"closed","template":"","meta":[],"product_cat":[25],"product_tag":[],"aioseo_notices":[],"_links":{"self":[{"href":"https:\/\/marlene-equilibre.com\/index.php\/wp-json\/wp\/v2\/product\/424"}],"collection":[{"href":"https:\/\/marlene-equilibre.com\/index.php\/wp-json\/wp\/v2\/product"}],"about":[{"href":"https:\/\/marlene-equilibre.com\/index.php\/wp-json\/wp\/v2\/types\/product"}],"replies":[{"embeddable":true,"href":"https:\/\/marlene-equilibre.com\/index.php\/wp-json\/wp\/v2\/comments?post=424"}],"wp:attachment":[{"href":"https:\/\/marlene-equilibre.com\/index.php\/wp-json\/wp\/v2\/media?parent=424"}],"wp:term":[{"taxonomy":"product_cat","embeddable":true,"href":"https:\/\/marlene-equilibre.com\/index.php\/wp-json\/wp\/v2\/product_cat?post=424"},{"taxonomy":"product_tag","embeddable":true,"href":"https:\/\/marlene-equilibre.com\/index.php\/wp-json\/wp\/v2\/product_tag?post=424"}],"curies":[{"name":"wp","href":"https:\/\/api.w.org\/{rel}","templated":true}]}}