{"id":432,"date":"2019-04-21T13:47:51","date_gmt":"2019-04-21T11:47:51","guid":{"rendered":"https:\/\/marlene-equilibre.com\/index.php\/produit\/import-placeholder-for-417\/"},"modified":"2019-04-21T13:47:55","modified_gmt":"2019-04-21T11:47:55","slug":"forfait-de-5-consultations-a-distance-enfant","status":"publish","type":"product","link":"https:\/\/marlene-equilibre.com\/index.php\/produit\/forfait-de-5-consultations-a-distance-enfant\/","title":{"rendered":"Forfait de 5 consultations \u00e0 distance &#8211; Enfant"},"content":{"rendered":"<p>Forfait de 5 consultations \u00e0 distance : magn\u00e9tisme ou soin \u00e9nerg\u00e9tique pour enfant. Valable 1 an.<br \/>\nLa dur\u00e9e d\u2019une consultation est d\u2019environ une heure.<\/p>\n<p>Consultation non-rembours\u00e9e par la s\u00e9curit\u00e9 sociale.<br \/>\nConsultation non soumise \u00e0 TVA.<\/p>\n","protected":false},"excerpt":{"rendered":"<p>Forfait de 5 consultations \u00e0 distance : magn\u00e9tisme ou soin \u00e9nerg\u00e9tique pour enfant. Valable 1 an.<\/p>\n","protected":false},"featured_media":0,"comment_status":"open","ping_status":"closed","template":"","meta":[],"product_cat":[26],"product_tag":[],"aioseo_notices":[],"_links":{"self":[{"href":"https:\/\/marlene-equilibre.com\/index.php\/wp-json\/wp\/v2\/product\/432"}],"collection":[{"href":"https:\/\/marlene-equilibre.com\/index.php\/wp-json\/wp\/v2\/product"}],"about":[{"href":"https:\/\/marlene-equilibre.com\/index.php\/wp-json\/wp\/v2\/types\/product"}],"replies":[{"embeddable":true,"href":"https:\/\/marlene-equilibre.com\/index.php\/wp-json\/wp\/v2\/comments?post=432"}],"wp:attachment":[{"href":"https:\/\/marlene-equilibre.com\/index.php\/wp-json\/wp\/v2\/media?parent=432"}],"wp:term":[{"taxonomy":"product_cat","embeddable":true,"href":"https:\/\/marlene-equilibre.com\/index.php\/wp-json\/wp\/v2\/product_cat?post=432"},{"taxonomy":"product_tag","embeddable":true,"href":"https:\/\/marlene-equilibre.com\/index.php\/wp-json\/wp\/v2\/product_tag?post=432"}],"curies":[{"name":"wp","href":"https:\/\/api.w.org\/{rel}","templated":true}]}}